{"id":11,"date":"2025-11-12T07:17:06","date_gmt":"2025-11-12T07:17:06","guid":{"rendered":"https:\/\/sielunsilmukat.fi\/?page_id=11"},"modified":"2026-04-30T07:10:26","modified_gmt":"2026-04-30T07:10:26","slug":"etusivu","status":"publish","type":"page","link":"https:\/\/sielunsilmukat.fi\/","title":{"rendered":"Etusivu"},"content":{"rendered":"\n<p><strong>Milloin viimeksi pidit k\u00e4dess\u00e4si jotain, joka tuntui kuin pieni pala taikaa \u2013 sellaista, joka puhuttelee syd\u00e4nt\u00e4?<\/strong><\/p>\n\n\n\n<p><strong>Arki on usein kiireist\u00e4 ja persoonattomaksi muuttunutta.<\/strong> <strong>Moni kaipaa jotain aitoa, k\u00e4sintehty\u00e4 ja merkityksellist\u00e4, mutta ei l\u00f6yd\u00e4 sit\u00e4 massatuotannosta.<\/strong><\/p>\n\n\n\n<p><strong>Sielun Silmukat syntyi halusta palauttaa tuo taika takaisin k\u00e4siin. Valmistan pieni\u00e4 olentoja, amuletteja ja villasta syntyvi\u00e4 tarinateoksia, jotka eiv\u00e4t ole vain esineit\u00e4, vaan lempeit\u00e4 kumppaneita. Jokainen niist\u00e4 syntyy hitaasti, k\u00e4sin, kuin kuiskaten: <em>olen juuri sinua varten<\/em>.<\/strong><\/p>\n\n\n\n<p><strong>Kun asiakas l\u00f6yt\u00e4\u00e4 omansa, se ei ole pelkk\u00e4 ostos \u2013 se on kohtaaminen. Pieni hetki, jossa syd\u00e4n tunnistaa jotain kaunista ja aitoa.<\/strong><\/p>\n\n\n\n<p><strong>Jos haluat n\u00e4hd\u00e4, millaisia tarinoita k\u00e4sist\u00e4ni syntyy, astu sis\u00e4\u00e4n maailmaan<\/strong> \ud83e\udd89\ud83d\udd6f\ufe0f<\/p>\n\n\n\n<p><\/p>\n\n\n<div class=\"wp-block-image is-style-rounded\">\n<figure class=\"aligncenter size-full is-resized\"><img fetchpriority=\"high\" decoding=\"async\" width=\"1920\" height=\"2560\" src=\"https:\/\/sielunsilmukat.fi\/wp-content\/uploads\/2025\/11\/20250912_090522424_iOS-scaled.jpg\" alt=\"\" class=\"wp-image-76\" style=\"aspect-ratio:1;object-fit:cover;width:279px;height:auto\" srcset=\"https:\/\/sielunsilmukat.fi\/wp-content\/uploads\/2025\/11\/20250912_090522424_iOS-scaled.jpg 1920w, https:\/\/sielunsilmukat.fi\/wp-content\/uploads\/2025\/11\/20250912_090522424_iOS-scaled-600x800.jpg 600w, https:\/\/sielunsilmukat.fi\/wp-content\/uploads\/2025\/11\/20250912_090522424_iOS-225x300.jpg 225w, https:\/\/sielunsilmukat.fi\/wp-content\/uploads\/2025\/11\/20250912_090522424_iOS-768x1024.jpg 768w, https:\/\/sielunsilmukat.fi\/wp-content\/uploads\/2025\/11\/20250912_090522424_iOS-1152x1536.jpg 1152w, https:\/\/sielunsilmukat.fi\/wp-content\/uploads\/2025\/11\/20250912_090522424_iOS-1536x2048.jpg 1536w, https:\/\/sielunsilmukat.fi\/wp-content\/uploads\/2025\/11\/20250912_090522424_iOS-300x400.jpg 300w, https:\/\/sielunsilmukat.fi\/wp-content\/uploads\/2025\/11\/20250912_090522424_iOS-850x1133.jpg 850w\" sizes=\"(max-width: 1920px) 100vw, 1920px\" \/><\/figure>\n<\/div>\n\n\n<div class=\"wp-block-columns is-layout-flex wp-container-core-columns-is-layout-9d6595d7 wp-block-columns-is-layout-flex\">\n<div class=\"wp-block-column is-layout-flow wp-block-column-is-layout-flow\"><\/div>\n<\/div>\n\n\n\n<p class=\"has-text-align-center\"><strong>Tervetuloa Sielun Silmukoiden maailmaan. K\u00e4sintehty\u00e4 taikaa, valoa ja l\u00e4mp\u00f6\u00e4 -jokainen silmukka, jokainen ty\u00f6 on omanlaisensa tarina.  Seuraa matkaani somessa @sielunsilmukat. <\/strong><\/p>\n\n\n\n<ul class=\"wp-block-social-links is-content-justification-left is-layout-flex wp-container-core-social-links-is-layout-fdcfc74e wp-block-social-links-is-layout-flex\"><li class=\"wp-social-link wp-social-link-instagram  wp-block-social-link\"><a href=\"https:\/\/www.instagram.com\/sielun_silmukat\" class=\"wp-block-social-link-anchor\"><svg width=\"24\" height=\"24\" viewBox=\"0 0 24 24\" version=\"1.1\" xmlns=\"http:\/\/www.w3.org\/2000\/svg\" aria-hidden=\"true\" focusable=\"false\"><path d=\"M12,4.622c2.403,0,2.688,0.009,3.637,0.052c0.877,0.04,1.354,0.187,1.671,0.31c0.42,0.163,0.72,0.358,1.035,0.673 c0.315,0.315,0.51,0.615,0.673,1.035c0.123,0.317,0.27,0.794,0.31,1.671c0.043,0.949,0.052,1.234,0.052,3.637 s-0.009,2.688-0.052,3.637c-0.04,0.877-0.187,1.354-0.31,1.671c-0.163,0.42-0.358,0.72-0.673,1.035 c-0.315,0.315-0.615,0.51-1.035,0.673c-0.317,0.123-0.794,0.27-1.671,0.31c-0.949,0.043-1.233,0.052-3.637,0.052 s-2.688-0.009-3.637-0.052c-0.877-0.04-1.354-0.187-1.671-0.31c-0.42-0.163-0.72-0.358-1.035-0.673 c-0.315-0.315-0.51-0.615-0.673-1.035c-0.123-0.317-0.27-0.794-0.31-1.671C4.631,14.688,4.622,14.403,4.622,12 s0.009-2.688,0.052-3.637c0.04-0.877,0.187-1.354,0.31-1.671c0.163-0.42,0.358-0.72,0.673-1.035 c0.315-0.315,0.615-0.51,1.035-0.673c0.317-0.123,0.794-0.27,1.671-0.31C9.312,4.631,9.597,4.622,12,4.622 M12,3 C9.556,3,9.249,3.01,8.289,3.054C7.331,3.098,6.677,3.25,6.105,3.472C5.513,3.702,5.011,4.01,4.511,4.511 c-0.5,0.5-0.808,1.002-1.038,1.594C3.25,6.677,3.098,7.331,3.054,8.289C3.01,9.249,3,9.556,3,12c0,2.444,0.01,2.751,0.054,3.711 c0.044,0.958,0.196,1.612,0.418,2.185c0.23,0.592,0.538,1.094,1.038,1.594c0.5,0.5,1.002,0.808,1.594,1.038 c0.572,0.222,1.227,0.375,2.185,0.418C9.249,20.99,9.556,21,12,21s2.751-0.01,3.711-0.054c0.958-0.044,1.612-0.196,2.185-0.418 c0.592-0.23,1.094-0.538,1.594-1.038c0.5-0.5,0.808-1.002,1.038-1.594c0.222-0.572,0.375-1.227,0.418-2.185 C20.99,14.751,21,14.444,21,12s-0.01-2.751-0.054-3.711c-0.044-0.958-0.196-1.612-0.418-2.185c-0.23-0.592-0.538-1.094-1.038-1.594 c-0.5-0.5-1.002-0.808-1.594-1.038c-0.572-0.222-1.227-0.375-2.185-0.418C14.751,3.01,14.444,3,12,3L12,3z M12,7.378 c-2.552,0-4.622,2.069-4.622,4.622S9.448,16.622,12,16.622s4.622-2.069,4.622-4.622S14.552,7.378,12,7.378z M12,15 c-1.657,0-3-1.343-3-3s1.343-3,3-3s3,1.343,3,3S13.657,15,12,15z M16.804,6.116c-0.596,0-1.08,0.484-1.08,1.08 s0.484,1.08,1.08,1.08c0.596,0,1.08-0.484,1.08-1.08S17.401,6.116,16.804,6.116z\"><\/path><\/svg><span class=\"wp-block-social-link-label screen-reader-text\">Instagram<\/span><\/a><\/li>\n\n<li class=\"wp-social-link wp-social-link-facebook  wp-block-social-link\"><a href=\"https:\/\/www.facebook.com\/people\/Sielun-silmukat\/61581327574945\/\" class=\"wp-block-social-link-anchor\"><svg width=\"24\" height=\"24\" viewBox=\"0 0 24 24\" version=\"1.1\" xmlns=\"http:\/\/www.w3.org\/2000\/svg\" aria-hidden=\"true\" focusable=\"false\"><path d=\"M12 2C6.5 2 2 6.5 2 12c0 5 3.7 9.1 8.4 9.9v-7H7.9V12h2.5V9.8c0-2.5 1.5-3.9 3.8-3.9 1.1 0 2.2.2 2.2.2v2.5h-1.3c-1.2 0-1.6.8-1.6 1.6V12h2.8l-.4 2.9h-2.3v7C18.3 21.1 22 17 22 12c0-5.5-4.5-10-10-10z\"><\/path><\/svg><span class=\"wp-block-social-link-label screen-reader-text\">Facebook<\/span><\/a><\/li><\/ul>\n\n\n\n<div class=\"wp-block-columns is-layout-flex wp-container-core-columns-is-layout-9d6595d7 wp-block-columns-is-layout-flex\">\n<div class=\"wp-block-column is-layout-flow wp-block-column-is-layout-flow\"><\/div>\n<\/div>\n\n\n\n<div class=\"wp-block-group is-nowrap is-layout-flex wp-container-core-group-is-layout-ad2f72ca wp-block-group-is-layout-flex\">\n<div class=\"wp-block-buttons is-content-justification-center is-layout-flex wp-container-core-buttons-is-layout-16018d1d wp-block-buttons-is-layout-flex\">\n<div class=\"wp-block-button has-custom-width wp-block-button__width-75 is-style-fill\"><a class=\"wp-block-button__link has-medium-font-size has-text-align-center has-custom-font-size wp-element-button\" href=\"https:\/\/sielunsilmukat.fi\/?p=482\"><strong>Viimeisin tiedote<\/strong><\/a><\/div>\n\n\n\n<div class=\"wp-block-button\"><a class=\"wp-block-button__link has-medium-font-size has-custom-font-size wp-element-button\" href=\"https:\/\/sielunsilmukat.fi\/?p=1003\">T\u00e4st\u00e4 p\u00e4\u00e4set lukemaan uusimman artikkelin \ud83e\udd89<\/a><\/div>\n\n\n\n<div class=\"wp-block-button has-custom-width wp-block-button__width-100\"><a class=\"wp-block-button__link wp-element-button\" href=\"https:\/\/sielunsilmukat.fi\/?post_type=product\">Tutustu tuotteisiini<\/a><\/div>\n<\/div>\n\n\n\n<div class=\"wp-block-buttons is-content-justification-right is-layout-flex wp-container-core-buttons-is-layout-765c4724 wp-block-buttons-is-layout-flex\"><\/div>\n<\/div>\n\n\n\n<p><\/p>\n","protected":false},"excerpt":{"rendered":"<p>Milloin viimeksi pidit k\u00e4dess\u00e4si jotain, joka tuntui kuin pieni pala taikaa \u2013 sellaista, joka puhuttelee syd\u00e4nt\u00e4? Arki on usein kiireist\u00e4 ja persoonattomaksi muuttunutta. Moni kaipaa jotain aitoa, k\u00e4sintehty\u00e4 ja merkityksellist\u00e4, mutta ei l\u00f6yd\u00e4 sit\u00e4 massatuotannosta. Sielun Silmukat syntyi halusta palauttaa tuo taika takaisin k\u00e4siin. Valmistan pieni\u00e4 olentoja, amuletteja ja villasta syntyvi\u00e4 tarinateoksia, jotka eiv\u00e4t ole&#8230;<\/p>\n","protected":false},"author":1,"featured_media":0,"parent":0,"menu_order":0,"comment_status":"closed","ping_status":"closed","template":"","meta":{"footnotes":""},"class_list":["post-11","page","type-page","status-publish","hentry"],"jetpack_sharing_enabled":true,"jetpack_likes_enabled":true,"jetpack-related-posts":[],"_links":{"self":[{"href":"https:\/\/sielunsilmukat.fi\/index.php?rest_route=\/wp\/v2\/pages\/11","targetHints":{"allow":["GET"]}}],"collection":[{"href":"https:\/\/sielunsilmukat.fi\/index.php?rest_route=\/wp\/v2\/pages"}],"about":[{"href":"https:\/\/sielunsilmukat.fi\/index.php?rest_route=\/wp\/v2\/types\/page"}],"author":[{"embeddable":true,"href":"https:\/\/sielunsilmukat.fi\/index.php?rest_route=\/wp\/v2\/users\/1"}],"replies":[{"embeddable":true,"href":"https:\/\/sielunsilmukat.fi\/index.php?rest_route=%2Fwp%2Fv2%2Fcomments&post=11"}],"version-history":[{"count":32,"href":"https:\/\/sielunsilmukat.fi\/index.php?rest_route=\/wp\/v2\/pages\/11\/revisions"}],"predecessor-version":[{"id":1018,"href":"https:\/\/sielunsilmukat.fi\/index.php?rest_route=\/wp\/v2\/pages\/11\/revisions\/1018"}],"wp:attachment":[{"href":"https:\/\/sielunsilmukat.fi\/index.php?rest_route=%2Fwp%2Fv2%2Fmedia&parent=11"}],"curies":[{"name":"wp","href":"https:\/\/api.w.org\/{rel}","templated":true}]}}