{"id":966,"date":"2026-04-22T05:10:51","date_gmt":"2026-04-22T05:10:51","guid":{"rendered":"https:\/\/sielunsilmukat.fi\/?page_id=966"},"modified":"2026-04-22T05:10:51","modified_gmt":"2026-04-22T05:10:51","slug":"sielun-silmukoiden-arvot","status":"publish","type":"page","link":"https:\/\/sielunsilmukat.fi\/?page_id=966","title":{"rendered":"Sielun Silmukoiden arvot"},"content":{"rendered":"\n<h2 class=\"wp-block-heading\">\u2728 <strong>Uniikkius &amp; Aitous<\/strong><\/h2>\n\n\n\n<p>Jokainen tuote syntyy k\u00e4sin, rauhassa ja intuition johdattamana. Ne ovat yksil\u00f6llisi\u00e4, omanlaisiaan ja kantavat mukanaan tekij\u00e4ns\u00e4 syd\u00e4men \u00e4\u00e4nt\u00e4 \u2014 ei massatuotantoa, vaan aitoa k\u00e4sity\u00f6t\u00e4, jossa jokainen silmukka merkitsee.<\/p>\n\n\n\n<div class=\"wp-block-columns is-layout-flex wp-container-core-columns-is-layout-9d6595d7 wp-block-columns-is-layout-flex\">\n<div class=\"wp-block-column is-layout-flow wp-block-column-is-layout-flow\"><\/div>\n<\/div>\n\n\n\n<h2 class=\"wp-block-heading\">\ud83c\udf31 <strong>Ekologisuus, eettisyys &amp; kest\u00e4v\u00e4 kehitys<\/strong><\/h2>\n\n\n\n<p>Sielun Silmukat toimii luonnon ehdoilla. Materiaalit valitaan vastuullisesti, kotimaisuus ja ekologisuus edell\u00e4. Tuotteet ovat pitk\u00e4ik\u00e4isi\u00e4, korjattavia ja ajattomia \u2014 harkittua kuluttamista, jossa j\u00e4tett\u00e4 syntyy mahdollisimman v\u00e4h\u00e4n ja jokainen materiaali hy\u00f6dynnet\u00e4\u00e4n kunnioituksella.<\/p>\n\n\n\n<div class=\"wp-block-columns is-layout-flex wp-container-core-columns-is-layout-9d6595d7 wp-block-columns-is-layout-flex\">\n<div class=\"wp-block-column is-layout-flow wp-block-column-is-layout-flow\"><\/div>\n<\/div>\n\n\n\n<h2 class=\"wp-block-heading\">\ud83e\uddf5 <strong>Kotimaisuus &amp; paikallisuus<\/strong><\/h2>\n\n\n\n<p>Kaikki tuotteet valmistetaan Suomessa, k\u00e4sity\u00f6n\u00e4. Yritys tukee kotimaisia toimijoita, vaalii perinteist\u00e4 k\u00e4sity\u00f6kulttuuria ja vahvistaa paikallista taloutta. Kotimaiset raaka-aineet ja suomalainen osaaminen ovat toiminnan ydin.<\/p>\n\n\n\n<div class=\"wp-block-columns is-layout-flex wp-container-core-columns-is-layout-9d6595d7 wp-block-columns-is-layout-flex\">\n<div class=\"wp-block-column is-layout-flow wp-block-column-is-layout-flow\"><\/div>\n<\/div>\n\n\n\n<h2 class=\"wp-block-heading\">\ud83c\udf43 <strong>Luonnonl\u00e4heisyys<\/strong><\/h2>\n\n\n\n<p>Luonto on inspiraation l\u00e4hde ja ty\u00f6skentelyn rytmi. Kotimaiset materiaalit, luonnon v\u00e4rit ja ekologiset valinnat kulkevat mukana jokaisessa tuotteessa \u2014 kuin mets\u00e4, joka hengitt\u00e4\u00e4 hiljaa taustalla.<\/p>\n\n\n\n<div class=\"wp-block-columns is-layout-flex wp-container-core-columns-is-layout-9d6595d7 wp-block-columns-is-layout-flex\">\n<div class=\"wp-block-column is-layout-flow wp-block-column-is-layout-flow\"><\/div>\n<\/div>\n\n\n\n<h2 class=\"wp-block-heading\">\u2728 <strong>Taika arjessa<\/strong><\/h2>\n\n\n\n<p>Tuotteet voivat kantaa mukanaan lohtua, iloa ja symbolista voimaa. Sielun Silmukoiden tuotteet ovat enemm\u00e4n kuin k\u00e4ytt\u00f6esineit\u00e4 \u2014 ne tuovat arkeen l\u00e4mp\u00f6\u00e4 ja merkityst\u00e4.<\/p>\n\n\n\n<div class=\"wp-block-columns is-layout-flex wp-container-core-columns-is-layout-9d6595d7 wp-block-columns-is-layout-flex\">\n<div class=\"wp-block-column is-layout-flow wp-block-column-is-layout-flow\"><\/div>\n<\/div>\n\n\n\n<h2 class=\"wp-block-heading\">\ud83d\udc9b <strong>Asiakasl\u00e4ht\u00f6isyys &amp; luottamus<\/strong><\/h2>\n\n\n\n<p>Jokainen asiakas kohdataan yksil\u00f6n\u00e4. Palvelu on avointa, yst\u00e4v\u00e4llist\u00e4 ja rehellist\u00e4. Tavoitteena on luoda tuotteita, jotka tuovat iloa, kest\u00e4v\u00e4t aikaa ja tuntuvat omalta \u2014 kuin ne olisi tehty juuri sinua varten.<\/p>\n","protected":false},"excerpt":{"rendered":"<p>\u2728 Uniikkius &amp; Aitous Jokainen tuote syntyy k\u00e4sin, rauhassa ja intuition johdattamana. Ne ovat yksil\u00f6llisi\u00e4, omanlaisiaan ja kantavat mukanaan tekij\u00e4ns\u00e4 syd\u00e4men \u00e4\u00e4nt\u00e4 \u2014 ei massatuotantoa, vaan aitoa k\u00e4sity\u00f6t\u00e4, jossa jokainen silmukka merkitsee. \ud83c\udf31 Ekologisuus, eettisyys &amp; kest\u00e4v\u00e4 kehitys Sielun Silmukat toimii luonnon ehdoilla. Materiaalit valitaan vastuullisesti, kotimaisuus ja ekologisuus edell\u00e4. Tuotteet ovat pitk\u00e4ik\u00e4isi\u00e4, korjattavia ja&#8230;<\/p>\n","protected":false},"author":1,"featured_media":0,"parent":0,"menu_order":0,"comment_status":"closed","ping_status":"closed","template":"","meta":{"footnotes":""},"class_list":["post-966","page","type-page","status-publish","hentry"],"jetpack_sharing_enabled":true,"jetpack_likes_enabled":true,"jetpack-related-posts":[],"_links":{"self":[{"href":"https:\/\/sielunsilmukat.fi\/index.php?rest_route=\/wp\/v2\/pages\/966","targetHints":{"allow":["GET"]}}],"collection":[{"href":"https:\/\/sielunsilmukat.fi\/index.php?rest_route=\/wp\/v2\/pages"}],"about":[{"href":"https:\/\/sielunsilmukat.fi\/index.php?rest_route=\/wp\/v2\/types\/page"}],"author":[{"embeddable":true,"href":"https:\/\/sielunsilmukat.fi\/index.php?rest_route=\/wp\/v2\/users\/1"}],"replies":[{"embeddable":true,"href":"https:\/\/sielunsilmukat.fi\/index.php?rest_route=%2Fwp%2Fv2%2Fcomments&post=966"}],"version-history":[{"count":1,"href":"https:\/\/sielunsilmukat.fi\/index.php?rest_route=\/wp\/v2\/pages\/966\/revisions"}],"predecessor-version":[{"id":967,"href":"https:\/\/sielunsilmukat.fi\/index.php?rest_route=\/wp\/v2\/pages\/966\/revisions\/967"}],"wp:attachment":[{"href":"https:\/\/sielunsilmukat.fi\/index.php?rest_route=%2Fwp%2Fv2%2Fmedia&parent=966"}],"curies":[{"name":"wp","href":"https:\/\/api.w.org\/{rel}","templated":true}]}}