{"id":976,"date":"2026-04-22T05:32:51","date_gmt":"2026-04-22T05:32:51","guid":{"rendered":"https:\/\/sielunsilmukat.fi\/?page_id=976"},"modified":"2026-04-22T05:32:51","modified_gmt":"2026-04-22T05:32:51","slug":"sielun-silmukoiden-vastuullisuus","status":"publish","type":"page","link":"https:\/\/sielunsilmukat.fi\/?page_id=976","title":{"rendered":"Sielun Silmukoiden vastuullisuus"},"content":{"rendered":"\n<p><strong>\ud83c\udf3f<\/strong><strong> Ymp\u00e4rist\u00f6vastuullisuus tuotannossa ja palveluissa<\/strong><\/p>\n\n\n\n<p>Sielun Silmukoiden toiminta perustuu ekologisiin, eettisiin ja kotimaisiin arvoihin. Tuotteet valmistetaan k\u00e4sity\u00f6n\u00e4, ja materiaalit valitaan huolellisesti ymp\u00e4rist\u00f6vaikutukset huomioiden. Yrityksen toiminnassa ei synny merkitt\u00e4vi\u00e4 p\u00e4\u00e4st\u00f6j\u00e4, haitallisia aineita tai ymp\u00e4rist\u00f6riskej\u00e4, sill\u00e4 tuotanto on pienimuotoista ja energiaa kuluttavaa toimintaa on v\u00e4h\u00e4n.<\/p>\n\n\n\n<div class=\"wp-block-columns is-layout-flex wp-container-core-columns-is-layout-9d6595d7 wp-block-columns-is-layout-flex\">\n<div class=\"wp-block-column is-layout-flow wp-block-column-is-layout-flow\"><\/div>\n<\/div>\n\n\n\n<p><strong>\ud83c\udf3f<\/strong><strong> Materiaalit ja raaka-aineet<\/strong><\/p>\n\n\n\n<ul class=\"wp-block-list\">\n<li>K\u00e4yt\u00e4n tuotteissani ainoastaan suomalaista lampaanvillaa, joka on luonnostaan ekologinen, biohajoava ja uusiutuva materiaali. My\u00f6s muita mahdollisia kotimaisia raaka-aineita, kuten esimerkiksi alpakan villaa, pellavaa jne.<\/li>\n\n\n\n<li>En k\u00e4yt\u00e4 muita el\u00e4inper\u00e4isi\u00e4 materiaaleja.<\/li>\n\n\n\n<li>Kaikki materiaalit hankitaan kotimaisilta, vastuullisilta toimijoilta, joiden toimintatavat ja alkuper\u00e4ketjut olen tarkistanut niin pitk\u00e4lle kuin mahdollista.<\/li>\n\n\n\n<li>Langat ja huovutusvilla tulevat toimijoilta, jotka panostavat ekologisuuteen ja kotimaiseen tuotantoon.<\/li>\n<\/ul>\n\n\n\n<div class=\"wp-block-columns is-layout-flex wp-container-core-columns-is-layout-9d6595d7 wp-block-columns-is-layout-flex\">\n<div class=\"wp-block-column is-layout-flow wp-block-column-is-layout-flow\"><\/div>\n<\/div>\n\n\n\n<p><strong>\ud83c\udf3f<\/strong><strong> J\u00e4tteet, h\u00e4vikki ja kiertotalous<\/strong><\/p>\n\n\n\n<ul class=\"wp-block-list\">\n<li>Villalangoista ja huovutusvillasta ei synny k\u00e4yt\u00e4nn\u00f6ss\u00e4 lainkaan ylij\u00e4\u00e4m\u00e4\u00e4, sill\u00e4 pienetkin palat voidaan hy\u00f6dynt\u00e4\u00e4 uusissa tuotteissa.<\/li>\n\n\n\n<li>Ainoa merkitt\u00e4v\u00e4 ylij\u00e4\u00e4m\u00e4 on pieni m\u00e4\u00e4r\u00e4 kuparilankaa, joka kierr\u00e4tet\u00e4\u00e4n asianmukaisesti.<\/li>\n\n\n\n<li>Kaikki materiaalit lajitellaan ja kierr\u00e4tet\u00e4\u00e4n erikseen.<\/li>\n\n\n\n<li>Postituksessa k\u00e4yt\u00e4n uudelleenk\u00e4ytettyj\u00e4 postipaketteja, mik\u00e4 v\u00e4hent\u00e4\u00e4 uuden pakkausmateriaalin tarvetta ja pienent\u00e4\u00e4 hiilijalanj\u00e4lke\u00e4.<\/li>\n<\/ul>\n\n\n\n<p><strong>\ud83c\udf3f<\/strong><strong> Kemikaalit ja energia<\/strong><\/p>\n\n\n\n<ul class=\"wp-block-list\">\n<li>Tuotteiden valmistuksessa ei k\u00e4ytet\u00e4 haitallisia kemikaaleja.<\/li>\n\n\n\n<li>Ainoa kemikaali on koruliima, jota k\u00e4ytet\u00e4\u00e4n hyvin pieni\u00e4 m\u00e4\u00e4ri\u00e4 korunosien vahvistamiseen.<\/li>\n\n\n\n<li>Tuotanto kuluttaa vain v\u00e4h\u00e4n energiaa, sill\u00e4 ty\u00f6v\u00e4lineet ovat p\u00e4\u00e4osin k\u00e4sity\u00f6kaluja.<\/li>\n<\/ul>\n\n\n\n<div class=\"wp-block-columns is-layout-flex wp-container-core-columns-is-layout-9d6595d7 wp-block-columns-is-layout-flex\">\n<div class=\"wp-block-column is-layout-flow wp-block-column-is-layout-flow\"><\/div>\n<\/div>\n\n\n\n<p><strong>\ud83c\udf3f<\/strong><strong> Positiiviset ymp\u00e4rist\u00f6vaikutukset<\/strong><\/p>\n\n\n\n<ul class=\"wp-block-list\">\n<li>Kotimaisten materiaalien k\u00e4ytt\u00f6 tukee suomalaista maataloutta ja luonnon monimuotoisuutta.<\/li>\n\n\n\n<li>K\u00e4sity\u00f6tuotanto on luonnostaan v\u00e4h\u00e4p\u00e4\u00e4st\u00f6ist\u00e4 ja energiatehokasta.<\/li>\n\n\n\n<li>Uudelleenk\u00e4ytettyjen pakkausten hy\u00f6dynt\u00e4minen v\u00e4hent\u00e4\u00e4 j\u00e4tett\u00e4 ja kulutusta.<\/li>\n<\/ul>\n\n\n\n<div class=\"wp-block-columns is-layout-flex wp-container-core-columns-is-layout-9d6595d7 wp-block-columns-is-layout-flex\">\n<div class=\"wp-block-column is-layout-flow wp-block-column-is-layout-flow\"><\/div>\n<\/div>\n\n\n\n<p><strong>\ud83c\udf3f<\/strong><strong> Ymp\u00e4rist\u00f6vastuullisuus ostopalveluissa ja raaka-aineissa<\/strong><\/p>\n\n\n\n<p>Sielun Silmukat valitsee yhteisty\u00f6kumppanit ja toimittajat vastuullisuus edell\u00e4.<\/p>\n\n\n\n<ul class=\"wp-block-list\">\n<li>Kaikki materiaalit hankitaan kotimaisilta yrityksilt\u00e4, jotka toimivat l\u00e4pin\u00e4kyv\u00e4sti ja vastuullisesti.<\/li>\n\n\n\n<li>Monet toimijoista hy\u00f6dynt\u00e4v\u00e4t kotimaista villaa, ekologisia tuotantomenetelmi\u00e4 ja kiertotalouden periaatteita.<\/li>\n\n\n\n<li>En k\u00e4yt\u00e4 ulkomaisia toimittajia, jolloin kuljetusten ymp\u00e4rist\u00f6vaikutukset pysyv\u00e4t pienin\u00e4.<\/li>\n<\/ul>\n\n\n\n<div class=\"wp-block-columns is-layout-flex wp-container-core-columns-is-layout-9d6595d7 wp-block-columns-is-layout-flex\">\n<div class=\"wp-block-column is-layout-flow wp-block-column-is-layout-flow\"><\/div>\n<\/div>\n\n\n\n<p><strong>\ud83c\udf3f<\/strong><strong> Ymp\u00e4rist\u00f6vastuullisuuden kehitt\u00e4minen tulevaisuudessa<\/strong><\/p>\n\n\n\n<p>Tavoitteenani on kehitt\u00e4\u00e4 vastuullisuutta jatkuvasti ja etsi\u00e4 uusia tapoja pienent\u00e4\u00e4 ymp\u00e4rist\u00f6vaikutuksia.<\/p>\n\n\n\n<p>Tulevaisuuden kehitystoimet<\/p>\n\n\n\n<ul class=\"wp-block-list\">\n<li>Energiatehokkuuden parantaminen omassa ty\u00f6tilassa (valaistus, laitteet).<\/li>\n\n\n\n<li>Logistiikan optimointi, esimerkiksi yhdist\u00e4m\u00e4ll\u00e4 postituksia ja suosimalla hiilineutraaleja toimitustapoja.<\/li>\n\n\n\n<li>Sivuvirtojen hy\u00f6dynt\u00e4minen, kuten ylij\u00e4\u00e4m\u00e4villan k\u00e4ytt\u00e4minen pieniin tuotteisiin tai lahjapakkauksiin.<\/li>\n\n\n\n<li>Hiilijalanj\u00e4ljen arviointi, kun toiminta kasvaa.<\/li>\n\n\n\n<li>Mahdollisuus hakea tulevaisuudessa vastuullisuus- tai kotimaisuussertifikaatteja, kuten Avainlippu tai Design from Finland.<\/li>\n<\/ul>\n\n\n\n<div class=\"wp-block-columns is-layout-flex wp-container-core-columns-is-layout-9d6595d7 wp-block-columns-is-layout-flex\">\n<div class=\"wp-block-column is-layout-flow wp-block-column-is-layout-flow\"><\/div>\n<\/div>\n\n\n\n<p><strong>\ud83c\udf3f Yhteenveto<\/strong><\/p>\n\n\n\n<p>Sielun Silmukat toimii jo nyt eritt\u00e4in vastuullisesti:<\/p>\n\n\n\n<ul class=\"wp-block-list\">\n<li>kotimaiset ja ekologiset materiaalit<\/li>\n\n\n\n<li>ei ulkomaisia raaka-aineita<\/li>\n\n\n\n<li>l\u00e4hes nollaj\u00e4te tuotannossa<\/li>\n\n\n\n<li>kierr\u00e4tys ja uudelleenk\u00e4ytt\u00f6<\/li>\n\n\n\n<li>v\u00e4h\u00e4inen energiankulutus<\/li>\n\n\n\n<li>ei haitallisia kemikaaleja<\/li>\n\n\n\n<li>vastuulliset kotimaiset toimittajat<\/li>\n<\/ul>\n\n\n\n<p>Tulevaisuudessa vastuullisuutta kehitet\u00e4\u00e4n edelleen energiatehokkuuden, pakkausmateriaalien, logistiikan ja mahdollisten sertifikaattien kautta.<\/p>\n","protected":false},"excerpt":{"rendered":"<p>\ud83c\udf3f Ymp\u00e4rist\u00f6vastuullisuus tuotannossa ja palveluissa Sielun Silmukoiden toiminta perustuu ekologisiin, eettisiin ja kotimaisiin arvoihin. Tuotteet valmistetaan k\u00e4sity\u00f6n\u00e4, ja materiaalit valitaan huolellisesti ymp\u00e4rist\u00f6vaikutukset huomioiden. Yrityksen toiminnassa ei synny merkitt\u00e4vi\u00e4 p\u00e4\u00e4st\u00f6j\u00e4, haitallisia aineita tai ymp\u00e4rist\u00f6riskej\u00e4, sill\u00e4 tuotanto on pienimuotoista ja energiaa kuluttavaa toimintaa on v\u00e4h\u00e4n. \ud83c\udf3f Materiaalit ja raaka-aineet \ud83c\udf3f J\u00e4tteet, h\u00e4vikki ja kiertotalous \ud83c\udf3f Kemikaalit ja&#8230;<\/p>\n","protected":false},"author":1,"featured_media":0,"parent":0,"menu_order":0,"comment_status":"closed","ping_status":"closed","template":"","meta":{"footnotes":""},"class_list":["post-976","page","type-page","status-publish","hentry"],"jetpack_sharing_enabled":true,"jetpack_likes_enabled":true,"jetpack-related-posts":[],"_links":{"self":[{"href":"https:\/\/sielunsilmukat.fi\/index.php?rest_route=\/wp\/v2\/pages\/976","targetHints":{"allow":["GET"]}}],"collection":[{"href":"https:\/\/sielunsilmukat.fi\/index.php?rest_route=\/wp\/v2\/pages"}],"about":[{"href":"https:\/\/sielunsilmukat.fi\/index.php?rest_route=\/wp\/v2\/types\/page"}],"author":[{"embeddable":true,"href":"https:\/\/sielunsilmukat.fi\/index.php?rest_route=\/wp\/v2\/users\/1"}],"replies":[{"embeddable":true,"href":"https:\/\/sielunsilmukat.fi\/index.php?rest_route=%2Fwp%2Fv2%2Fcomments&post=976"}],"version-history":[{"count":1,"href":"https:\/\/sielunsilmukat.fi\/index.php?rest_route=\/wp\/v2\/pages\/976\/revisions"}],"predecessor-version":[{"id":977,"href":"https:\/\/sielunsilmukat.fi\/index.php?rest_route=\/wp\/v2\/pages\/976\/revisions\/977"}],"wp:attachment":[{"href":"https:\/\/sielunsilmukat.fi\/index.php?rest_route=%2Fwp%2Fv2%2Fmedia&parent=976"}],"curies":[{"name":"wp","href":"https:\/\/api.w.org\/{rel}","templated":true}]}}